{"id":12,"date":"2024-07-30T16:58:59","date_gmt":"2024-07-30T16:58:59","guid":{"rendered":"https:\/\/novi.legacymediaevent.com\/korpa\/"},"modified":"2025-02-10T12:52:22","modified_gmt":"2025-02-10T11:52:22","slug":"korpa","status":"publish","type":"page","link":"https:\/\/novi.legacymediaevent.com\/de\/korpa\/","title":{"rendered":"Korpa"},"content":{"rendered":"<div data-elementor-type=\"wp-page\" data-elementor-id=\"12\" class=\"elementor elementor-12\" data-elementor-post-type=\"page\">\n\t\t\t\t<div class=\"wd-negative-gap elementor-element elementor-element-5b36831 e-flex e-con-boxed e-con e-parent\" data-id=\"5b36831\" data-element_type=\"container\">\n\t\t\t\t\t<div class=\"e-con-inner\">\n\t\t\t\t\t<\/div>\n\t\t\t\t<\/div>\n\t\t\t\t<\/div>","protected":false},"excerpt":{"rendered":"<p>Ukloni stavku Sli\u010dica Proizvod Cena Koli\u010dina Ukupno &times; Stand Up &#8211; The Best off- Ne\u0161a Brid\u017eis 30.00&nbsp;&euro; Stand Up &#8211;<\/p>","protected":false},"author":1,"featured_media":0,"parent":0,"menu_order":0,"comment_status":"closed","ping_status":"closed","template":"","meta":{"_acf_changed":false,"footnotes":""},"class_list":["post-12","page","type-page","status-publish","hentry"],"acf":[],"_links":{"self":[{"href":"https:\/\/novi.legacymediaevent.com\/de\/wp-json\/wp\/v2\/pages\/12","targetHints":{"allow":["GET"]}}],"collection":[{"href":"https:\/\/novi.legacymediaevent.com\/de\/wp-json\/wp\/v2\/pages"}],"about":[{"href":"https:\/\/novi.legacymediaevent.com\/de\/wp-json\/wp\/v2\/types\/page"}],"author":[{"embeddable":true,"href":"https:\/\/novi.legacymediaevent.com\/de\/wp-json\/wp\/v2\/users\/1"}],"replies":[{"embeddable":true,"href":"https:\/\/novi.legacymediaevent.com\/de\/wp-json\/wp\/v2\/comments?post=12"}],"version-history":[{"count":22,"href":"https:\/\/novi.legacymediaevent.com\/de\/wp-json\/wp\/v2\/pages\/12\/revisions"}],"predecessor-version":[{"id":17315,"href":"https:\/\/novi.legacymediaevent.com\/de\/wp-json\/wp\/v2\/pages\/12\/revisions\/17315"}],"wp:attachment":[{"href":"https:\/\/novi.legacymediaevent.com\/de\/wp-json\/wp\/v2\/media?parent=12"}],"curies":[{"name":"wp","href":"https:\/\/api.w.org\/{rel}","templated":true}]}}