{"id":18183,"date":"2025-06-07T12:37:41","date_gmt":"2025-06-07T10:37:41","guid":{"rendered":"https:\/\/novi.legacymediaevent.com\/?post_type=product&#038;p=18183"},"modified":"2025-08-21T09:54:34","modified_gmt":"2025-08-21T07:54:34","slug":"vece-sa-panicem-frankfurt","status":"publish","type":"product","link":"https:\/\/novi.legacymediaevent.com\/de\/p\/vece-sa-panicem-frankfurt\/","title":{"rendered":"Ve\u010de sa Pani\u0107em &#8211; Frankfurt"},"content":{"rendered":"<p>\ud83c\udfa4 Ve\u010de sa Pani\u0107em u Frankfurtu!<\/p>\n<p>Pridru\u017ei nam se na posebnoj ve\u010deri gde se istina i smeh prepli\u0107u u savr\u0161enoj meri!<\/p>\n<p>Na sceni Lafayette Crepes Hause\/Wine\/ Bar vas o\u010dekuje Ivan Pani\u0107, umetnik koji ne pri\u010da viceve \u2013 ve\u0107 stvarne pri\u010de iz \u017eivota. Autenti\u010dan, duhovit, iskren \u2013 Pani\u0107 vas vodi kroz svakodnevicu na na\u010din koji \u0107e vas nasmejati do suza i naterati da se zapitate o sopstvenim zgodama i nezgodama.<\/p>\n<p>\u2e3b<\/p>\n<p>\ud83c\udfad Nema scenografije. Nema filtera. Samo mikrofon i istina.<br \/>\nJer \u017eivot je najlu\u0111a scena \u2013 a Pani\u0107 zna kako da je ispri\u010da.<\/p>\n<p>\u2e3b<\/p>\n<p>\ud83c\udfab Klikni gore i osiguraj svoje mesto!<br \/>\nVidimo se u Lafayette-u \u2013 da se nasmejemo \u017eivotu zajedno! \ud83d\ude0a<\/p>","protected":false},"excerpt":{"rendered":"<p>Ve\u010de sa Pani\u0107em u Frankfurtu!<\/p>\n<p>Pridru\u017ei nam se na posebnoj ve\u010deri gde se istina i smeh prepli\u0107u u savr\u0161enoj meri!<\/p>\n<p>U lokalu\u00a0 Lafayette Crepes Hause\/Wine\/ Bar vas o\u010dekuje Ivan Pani\u0107, on ne pri\u010da\u00a0 viceve \u2013 ve\u0107 stvarne pri\u010de iz \u017eivota. Autenti\u010dan, duhovit, iskren \u2013 Pani\u0107 vas vodi kroz svakodnevicu na na\u010din koji \u0107e vas nasmejati do suza i naterati da se zapitate o sopstvenim zgodama i nezgodama.<\/p>","protected":false},"featured_media":18185,"comment_status":"open","ping_status":"closed","template":"","meta":{"_acf_changed":false},"product_brand":[],"product_cat":[128],"product_tag":[],"class_list":{"0":"post-18183","1":"product","2":"type-product","3":"status-publish","4":"has-post-thumbnail","6":"product_cat-stand-up","8":"first","9":"instock","10":"taxable","11":"shipping-taxable","12":"purchasable","13":"product-type-simple"},"acf":[],"_links":{"self":[{"href":"https:\/\/novi.legacymediaevent.com\/de\/wp-json\/wp\/v2\/product\/18183","targetHints":{"allow":["GET"]}}],"collection":[{"href":"https:\/\/novi.legacymediaevent.com\/de\/wp-json\/wp\/v2\/product"}],"about":[{"href":"https:\/\/novi.legacymediaevent.com\/de\/wp-json\/wp\/v2\/types\/product"}],"replies":[{"embeddable":true,"href":"https:\/\/novi.legacymediaevent.com\/de\/wp-json\/wp\/v2\/comments?post=18183"}],"version-history":[{"count":2,"href":"https:\/\/novi.legacymediaevent.com\/de\/wp-json\/wp\/v2\/product\/18183\/revisions"}],"predecessor-version":[{"id":18257,"href":"https:\/\/novi.legacymediaevent.com\/de\/wp-json\/wp\/v2\/product\/18183\/revisions\/18257"}],"wp:featuredmedia":[{"embeddable":true,"href":"https:\/\/novi.legacymediaevent.com\/de\/wp-json\/wp\/v2\/media\/18185"}],"wp:attachment":[{"href":"https:\/\/novi.legacymediaevent.com\/de\/wp-json\/wp\/v2\/media?parent=18183"}],"wp:term":[{"taxonomy":"product_brand","embeddable":true,"href":"https:\/\/novi.legacymediaevent.com\/de\/wp-json\/wp\/v2\/product_brand?post=18183"},{"taxonomy":"product_cat","embeddable":true,"href":"https:\/\/novi.legacymediaevent.com\/de\/wp-json\/wp\/v2\/product_cat?post=18183"},{"taxonomy":"product_tag","embeddable":true,"href":"https:\/\/novi.legacymediaevent.com\/de\/wp-json\/wp\/v2\/product_tag?post=18183"}],"curies":[{"name":"wp","href":"https:\/\/api.w.org\/{rel}","templated":true}]}}