{"id":18233,"date":"2025-08-04T13:26:45","date_gmt":"2025-08-04T11:26:45","guid":{"rendered":"https:\/\/novi.legacymediaevent.com\/?post_type=product&#038;p=18233"},"modified":"2025-08-08T15:14:21","modified_gmt":"2025-08-08T13:14:21","slug":"sinisa-ubovic-5-koraka-do-srecnog-zivota","status":"publish","type":"product","link":"https:\/\/novi.legacymediaevent.com\/de\/p\/sinisa-ubovic-5-koraka-do-srecnog-zivota\/","title":{"rendered":"Sini\u0161a Ubovi\u0107 &#8211; 5 koraka do sre\u0107nog \u017eivota"},"content":{"rendered":"<p>Seminar \u201e5 koraka do sre\u0107nog \u017eivota \u201c sa Sini\u0161om Ubovi\u0107em \u2013 Po prvi put u Nema\u010dkoj!<\/p>\n<p data-start=\"182\" data-end=\"462\"><strong data-start=\"182\" data-end=\"255\">Da li ose\u0107ate da je vreme za promenu, ali ne znate odakle da krenete?<\/strong><br \/>\nPridru\u017eite se Sini\u0161i Ubovi\u0107u, jednom od najpoznatijih regionalnih trenera li\u010dnog razvoja, na ekskluzivnom seminaru <em data-start=\"373\" data-end=\"386\">Put promene<\/em> \u2013 po prvi put u\u017eivo u Nema\u010dkoj,\u00a0 u <strong data-start=\"426\" data-end=\"461\">Frankfurtu<\/strong><\/p>\n<p data-start=\"464\" data-end=\"648\">Kroz <strong data-start=\"469\" data-end=\"498\">mo\u0107an i prakti\u010dan program<\/strong>, Sini\u0161a vas vodi korak po korak kroz <strong data-start=\"536\" data-end=\"554\">5 faza promene<\/strong> \u2013 proces koji poma\u017ee da prevazi\u0111ete strah, prona\u0111ete jasno\u0107u i kreirate \u017eivot po svojoj meri.<\/p>\n<p data-start=\"650\" data-end=\"671\">Na seminaru \u0107ete:<\/p>\n<ul data-start=\"672\" data-end=\"939\">\n<li data-start=\"672\" data-end=\"749\">\n<p data-start=\"674\" data-end=\"749\">Nau\u010diti kako da prepoznate svoje potrebe i jasno defini\u0161ete slede\u0107e korake,<\/p>\n<\/li>\n<li data-start=\"750\" data-end=\"811\">\n<p data-start=\"752\" data-end=\"811\">Osloboditi se straha od promene i prona\u0107i unutra\u0161nju snagu,<\/p>\n<\/li>\n<li data-start=\"812\" data-end=\"874\">\n<p data-start=\"814\" data-end=\"874\">Dobiti alate za stabilnost i sigurnost tokom transformacije,<\/p>\n<\/li>\n<li data-start=\"875\" data-end=\"939\">\n<p data-start=\"877\" data-end=\"939\">Povezati se sa sobom i okru\u017eenjem koje vas razume i inspiri\u0161e.<\/p>\n<\/li>\n<\/ul>\n<p data-start=\"941\" data-end=\"1012\"><strong data-start=\"941\" data-end=\"1012\">Ovo nije motivaciono predavanje \u2013 ovo je iskustvo koje menja \u017eivot.<\/strong><\/p>\n<p data-start=\"1014\" data-end=\"1041\">\ud83d\udccd <strong data-start=\"1017\" data-end=\"1038\">Datumi i lokacije<\/strong>:<\/p>\n<ul data-start=\"1042\" data-end=\"1089\">\n<li data-start=\"1042\" data-end=\"1059\">\n<p data-start=\"1044\" data-end=\"1059\"><strong data-start=\"1044\" data-end=\"1057\">Frankfurt 14.11.2025.<\/strong><\/p>\n<\/li>\n<\/ul>\n<p data-start=\"1091\" data-end=\"1211\">\ud83c\udfab <strong data-start=\"1094\" data-end=\"1143\">Broj mesta je ograni\u010den \u2013 prijavite se odmah!<\/strong><br \/>\nNe \u010dekajte \u201eneki drugi put\u201c. \u017divot ne \u010deka \u2013 promenu birate sada.<\/p>","protected":false},"excerpt":{"rendered":"<p><strong data-start=\"182\" data-end=\"255\">Da li ose\u0107ate da je vreme za promenu, ali ne znate odakle da krenete?<\/strong><\/p>\n<p>Pridru\u017eite se Sini\u0161i Ubovi\u0107u, jednom od najpoznatijih regionalnih trenera li\u010dnog razvoja, na ekskluzivnom seminaru 5 koraka do sre\u0107nog \u017eivota \u2013 po prvi put u\u017eivo u Nema\u010dkoj,\u00a0 u <strong data-start=\"426\" data-end=\"461\">Frankfurtu<\/strong>Kroz <strong data-start=\"469\" data-end=\"498\">mo\u0107an i prakti\u010dan program<\/strong>, Sini\u0161a vas vodi korak po korak kroz <strong data-start=\"536\" data-end=\"554\">5 faza promene<\/strong> \u2013 proces koji poma\u017ee da prevazi\u0111ete strah, prona\u0111ete jasno\u0107u i kreirate \u017eivot po svojoj meri.<\/p>\n<p>Ovo nije motivaciono predavanje \u2013 ovo je iskustvo koje menja \u017eivot.<\/p>","protected":false},"featured_media":18239,"comment_status":"open","ping_status":"closed","template":"","meta":{"_acf_changed":false},"product_brand":[],"product_cat":[127],"product_tag":[],"class_list":{"0":"post-18233","1":"product","2":"type-product","3":"status-publish","4":"has-post-thumbnail","6":"product_cat-seminari","8":"first","9":"instock","10":"taxable","11":"shipping-taxable","12":"purchasable","13":"product-type-simple"},"acf":[],"_links":{"self":[{"href":"https:\/\/novi.legacymediaevent.com\/de\/wp-json\/wp\/v2\/product\/18233","targetHints":{"allow":["GET"]}}],"collection":[{"href":"https:\/\/novi.legacymediaevent.com\/de\/wp-json\/wp\/v2\/product"}],"about":[{"href":"https:\/\/novi.legacymediaevent.com\/de\/wp-json\/wp\/v2\/types\/product"}],"replies":[{"embeddable":true,"href":"https:\/\/novi.legacymediaevent.com\/de\/wp-json\/wp\/v2\/comments?post=18233"}],"version-history":[{"count":5,"href":"https:\/\/novi.legacymediaevent.com\/de\/wp-json\/wp\/v2\/product\/18233\/revisions"}],"predecessor-version":[{"id":18259,"href":"https:\/\/novi.legacymediaevent.com\/de\/wp-json\/wp\/v2\/product\/18233\/revisions\/18259"}],"wp:featuredmedia":[{"embeddable":true,"href":"https:\/\/novi.legacymediaevent.com\/de\/wp-json\/wp\/v2\/media\/18239"}],"wp:attachment":[{"href":"https:\/\/novi.legacymediaevent.com\/de\/wp-json\/wp\/v2\/media?parent=18233"}],"wp:term":[{"taxonomy":"product_brand","embeddable":true,"href":"https:\/\/novi.legacymediaevent.com\/de\/wp-json\/wp\/v2\/product_brand?post=18233"},{"taxonomy":"product_cat","embeddable":true,"href":"https:\/\/novi.legacymediaevent.com\/de\/wp-json\/wp\/v2\/product_cat?post=18233"},{"taxonomy":"product_tag","embeddable":true,"href":"https:\/\/novi.legacymediaevent.com\/de\/wp-json\/wp\/v2\/product_tag?post=18233"}],"curies":[{"name":"wp","href":"https:\/\/api.w.org\/{rel}","templated":true}]}}