{"id":18244,"date":"2025-08-08T10:27:41","date_gmt":"2025-08-08T08:27:41","guid":{"rendered":"https:\/\/novi.legacymediaevent.com\/?post_type=product&#038;p=18244"},"modified":"2025-08-08T11:19:20","modified_gmt":"2025-08-08T09:19:20","slug":"stand-up-the-best-off-nesa-bridzis-berlin","status":"publish","type":"product","link":"https:\/\/novi.legacymediaevent.com\/de\/p\/stand-up-the-best-off-nesa-bridzis-berlin\/","title":{"rendered":"Stand Up &#8211; The Best off- Ne\u0161a Brid\u017eis Berlin"},"content":{"rendered":"<p>Do\u017eivite nezaboravno ve\u010de uz specijal Ne\u0161e Brid\u017eisa, majstora standup komedije i utemeljiva\u010da srpske standup scene! O\u010dekuje vas magi\u010dna kombinacija najboljih, unikatnih i kultnih predstava koje su osvojile srca publike ne samo u Srbiji, ve\u0107 i \u0161irom sveta. Pridru\u017eite nam se u ovoj interaktivnoj predstavi, gde \u0107ete imati priliku da u\u017eivate u svojim omiljenim ske\u010devima. Posle 14 godina profesionalne karijere, Ne\u0161a Brid\u017eis i dalje odu\u0161evljava veliki broj ljudi, \u010dine\u0107i svoj nastup pravim kultnim iskustvom. Kupite kartu i budite deo ove neponovljive komi\u010dne avanture!<\/p>\n<p style=\"font-family: Epilogue, sans-serif; font-size: 14px; font-style: normal; font-weight: 400; letter-spacing: normal; text-align: start; text-indent: 0px; text-transform: none; text-decoration: none;\">Uop\u0161tene informacije:<\/p>\n<p style=\"font-family: Epilogue, sans-serif; font-size: 14px; font-style: normal; font-weight: 400; letter-spacing: normal; text-align: start; text-indent: 0px; text-transform: none; text-decoration: none;\">Datum:10.10.2025. sa po\u010detkom u 20:00 h<\/p>\n<p style=\"font-family: Epilogue, sans-serif; font-size: 14px; font-style: normal; font-weight: 400; letter-spacing: normal; text-align: start; text-indent: 0px; text-transform: none; text-decoration: none;\">Ulaz \u0107e biti mogu\u0107 u 19:20 .<\/p>\n<p style=\"font-family: Epilogue, sans-serif; font-size: 14px; font-style: normal; font-weight: 400; letter-spacing: normal; text-align: start; text-indent: 0px; text-transform: none; text-decoration: none;\">Trajanje stand Up nastupa 1:40 minuta<\/p>\n<p style=\"font-family: Epilogue, sans-serif; font-size: 14px; font-style: normal; font-weight: 400; letter-spacing: normal; text-align: start; text-indent: 0px; text-transform: none; text-decoration: none;\">Adresa<span style=\"font-family: Roboto, Arial, sans-serif; font-size: 14px; font-style: normal; font-weight: 400; letter-spacing: normal; text-align: left; text-indent: 0px; text-transform: none; text-decoration: none; float: none; display: inline !important;\">:<\/span><span style=\"font-family: Roboto, Arial, sans-serif; font-size: 14px; font-style: normal; font-weight: 400; letter-spacing: normal; text-align: left; text-indent: 0px; text-transform: none; text-decoration: none; float: none; display: inline !important;\"> Mariendorfer Damm 90 | 12109 Berlin | Restaurant Balkan Grillhaus<\/span><\/p>\n<p style=\"font-family: Epilogue, sans-serif; font-size: 14px; font-style: normal; font-weight: 400; letter-spacing: normal; text-align: start; text-indent: 0px; text-transform: none; text-decoration: none;\"><span style=\"font-family: Roboto, Arial, sans-serif; font-size: 14px; font-style: normal; font-weight: 400; letter-spacing: normal; text-align: left; text-indent: 0px; text-transform: none; text-decoration: none; float: none; display: inline !important;\">Potvrda koju dobijete putem emaila jeste Va\u0161a ulaznica za dogadjaj.<\/span><\/p>","protected":false},"excerpt":{"rendered":"<p>Posle 14 godina profesionalne karijere, Ne\u0161a Brid\u017eis i dalje odu\u0161evljava veliki broj ljudi, \u010dine\u0107i svoj nastup pravim kultnim iskustvom. Kupite kartu i budite deo ove neponovljive komi\u010dne avanture!<\/p>","protected":false},"featured_media":18248,"comment_status":"open","ping_status":"closed","template":"","meta":{"_acf_changed":false},"product_brand":[],"product_cat":[128],"product_tag":[],"class_list":{"0":"post-18244","1":"product","2":"type-product","3":"status-publish","4":"has-post-thumbnail","6":"product_cat-stand-up","8":"first","9":"instock","10":"taxable","11":"shipping-taxable","12":"purchasable","13":"product-type-simple"},"acf":[],"_links":{"self":[{"href":"https:\/\/novi.legacymediaevent.com\/de\/wp-json\/wp\/v2\/product\/18244","targetHints":{"allow":["GET"]}}],"collection":[{"href":"https:\/\/novi.legacymediaevent.com\/de\/wp-json\/wp\/v2\/product"}],"about":[{"href":"https:\/\/novi.legacymediaevent.com\/de\/wp-json\/wp\/v2\/types\/product"}],"replies":[{"embeddable":true,"href":"https:\/\/novi.legacymediaevent.com\/de\/wp-json\/wp\/v2\/comments?post=18244"}],"version-history":[{"count":6,"href":"https:\/\/novi.legacymediaevent.com\/de\/wp-json\/wp\/v2\/product\/18244\/revisions"}],"predecessor-version":[{"id":18252,"href":"https:\/\/novi.legacymediaevent.com\/de\/wp-json\/wp\/v2\/product\/18244\/revisions\/18252"}],"wp:featuredmedia":[{"embeddable":true,"href":"https:\/\/novi.legacymediaevent.com\/de\/wp-json\/wp\/v2\/media\/18248"}],"wp:attachment":[{"href":"https:\/\/novi.legacymediaevent.com\/de\/wp-json\/wp\/v2\/media?parent=18244"}],"wp:term":[{"taxonomy":"product_brand","embeddable":true,"href":"https:\/\/novi.legacymediaevent.com\/de\/wp-json\/wp\/v2\/product_brand?post=18244"},{"taxonomy":"product_cat","embeddable":true,"href":"https:\/\/novi.legacymediaevent.com\/de\/wp-json\/wp\/v2\/product_cat?post=18244"},{"taxonomy":"product_tag","embeddable":true,"href":"https:\/\/novi.legacymediaevent.com\/de\/wp-json\/wp\/v2\/product_tag?post=18244"}],"curies":[{"name":"wp","href":"https:\/\/api.w.org\/{rel}","templated":true}]}}