{"id":18274,"date":"2025-08-20T23:46:19","date_gmt":"2025-08-20T21:46:19","guid":{"rendered":"https:\/\/novi.legacymediaevent.com\/?post_type=product&#038;p=18274"},"modified":"2025-08-21T14:52:33","modified_gmt":"2025-08-21T12:52:33","slug":"vece-sa-panicem-manhheim","status":"publish","type":"product","link":"https:\/\/novi.legacymediaevent.com\/de\/p\/vece-sa-panicem-manhheim\/","title":{"rendered":"Ve\u010de sa Pani\u0107em &#8211; Manhheim &#8211;"},"content":{"rendered":"<p>Ve\u010de sa Pani\u0107em u Mannheimu.<\/p>\n<p>Ne propustite priliku za smeh i druzenje sa Ivanom u Mannheimu.<\/p>\n<p>Potvrda koju dobijete putem e-po\u0161te jesu va\u0161a ulaznica.<\/p>\n<p>Datum :<\/p>\n<p>30.11.2025 sa po\u010detkom u 19:00 h<\/p>\n<p>Ulazak \u0107e biti mogu\u0107 od 18:00 h<\/p>\n<p>Adresa :Hermersheimerstra\u00dfe 23 , 68163 Mannheim<\/p>","protected":false},"excerpt":{"rendered":"<p>Ve\u010de sa Pani\u0107em u Mannheimu.<\/p>\n<p>Ne propustite priliku za smeh i druzenje sa Ivanom u Mannheimu.<\/p>","protected":false},"featured_media":18232,"comment_status":"open","ping_status":"closed","template":"","meta":{"_acf_changed":false},"product_brand":[],"product_cat":[128],"product_tag":[],"class_list":{"0":"post-18274","1":"product","2":"type-product","3":"status-publish","4":"has-post-thumbnail","6":"product_cat-stand-up","8":"first","9":"instock","10":"taxable","11":"shipping-taxable","12":"purchasable","13":"product-type-simple"},"acf":[],"_links":{"self":[{"href":"https:\/\/novi.legacymediaevent.com\/de\/wp-json\/wp\/v2\/product\/18274","targetHints":{"allow":["GET"]}}],"collection":[{"href":"https:\/\/novi.legacymediaevent.com\/de\/wp-json\/wp\/v2\/product"}],"about":[{"href":"https:\/\/novi.legacymediaevent.com\/de\/wp-json\/wp\/v2\/types\/product"}],"replies":[{"embeddable":true,"href":"https:\/\/novi.legacymediaevent.com\/de\/wp-json\/wp\/v2\/comments?post=18274"}],"version-history":[{"count":4,"href":"https:\/\/novi.legacymediaevent.com\/de\/wp-json\/wp\/v2\/product\/18274\/revisions"}],"predecessor-version":[{"id":18279,"href":"https:\/\/novi.legacymediaevent.com\/de\/wp-json\/wp\/v2\/product\/18274\/revisions\/18279"}],"wp:featuredmedia":[{"embeddable":true,"href":"https:\/\/novi.legacymediaevent.com\/de\/wp-json\/wp\/v2\/media\/18232"}],"wp:attachment":[{"href":"https:\/\/novi.legacymediaevent.com\/de\/wp-json\/wp\/v2\/media?parent=18274"}],"wp:term":[{"taxonomy":"product_brand","embeddable":true,"href":"https:\/\/novi.legacymediaevent.com\/de\/wp-json\/wp\/v2\/product_brand?post=18274"},{"taxonomy":"product_cat","embeddable":true,"href":"https:\/\/novi.legacymediaevent.com\/de\/wp-json\/wp\/v2\/product_cat?post=18274"},{"taxonomy":"product_tag","embeddable":true,"href":"https:\/\/novi.legacymediaevent.com\/de\/wp-json\/wp\/v2\/product_tag?post=18274"}],"curies":[{"name":"wp","href":"https:\/\/api.w.org\/{rel}","templated":true}]}}