{"id":18288,"date":"2025-08-21T13:56:12","date_gmt":"2025-08-21T11:56:12","guid":{"rendered":"https:\/\/novi.legacymediaevent.com\/?post_type=product&#038;p=18288"},"modified":"2025-08-21T20:15:03","modified_gmt":"2025-08-21T18:15:03","slug":"test","status":"publish","type":"product","link":"https:\/\/novi.legacymediaevent.com\/de\/p\/test\/","title":{"rendered":"test"},"content":{"rendered":"","protected":false},"excerpt":{"rendered":"<p>Posle 14 godina profesionalne karijere, Ne\u0161a Brid\u017eis i dalje odu\u0161evljava veliki broj ljudi, \u010dine\u0107i svoj nastup pravim kultnim iskustvom. Kupite kartu i budite deo ove neponovljive komi\u010dne avanture!<\/p>","protected":false},"featured_media":18202,"comment_status":"open","ping_status":"closed","template":"","meta":{"_acf_changed":false},"product_brand":[],"product_cat":[20],"product_tag":[],"class_list":{"0":"post-18288","1":"product","2":"type-product","3":"status-publish","4":"has-post-thumbnail","6":"product_cat-koncerti","8":"first","9":"instock","10":"taxable","11":"shipping-taxable","12":"purchasable","13":"product-type-variable"},"acf":[],"_links":{"self":[{"href":"https:\/\/novi.legacymediaevent.com\/de\/wp-json\/wp\/v2\/product\/18288","targetHints":{"allow":["GET"]}}],"collection":[{"href":"https:\/\/novi.legacymediaevent.com\/de\/wp-json\/wp\/v2\/product"}],"about":[{"href":"https:\/\/novi.legacymediaevent.com\/de\/wp-json\/wp\/v2\/types\/product"}],"replies":[{"embeddable":true,"href":"https:\/\/novi.legacymediaevent.com\/de\/wp-json\/wp\/v2\/comments?post=18288"}],"version-history":[{"count":2,"href":"https:\/\/novi.legacymediaevent.com\/de\/wp-json\/wp\/v2\/product\/18288\/revisions"}],"predecessor-version":[{"id":18409,"href":"https:\/\/novi.legacymediaevent.com\/de\/wp-json\/wp\/v2\/product\/18288\/revisions\/18409"}],"wp:featuredmedia":[{"embeddable":true,"href":"https:\/\/novi.legacymediaevent.com\/de\/wp-json\/wp\/v2\/media\/18202"}],"wp:attachment":[{"href":"https:\/\/novi.legacymediaevent.com\/de\/wp-json\/wp\/v2\/media?parent=18288"}],"wp:term":[{"taxonomy":"product_brand","embeddable":true,"href":"https:\/\/novi.legacymediaevent.com\/de\/wp-json\/wp\/v2\/product_brand?post=18288"},{"taxonomy":"product_cat","embeddable":true,"href":"https:\/\/novi.legacymediaevent.com\/de\/wp-json\/wp\/v2\/product_cat?post=18288"},{"taxonomy":"product_tag","embeddable":true,"href":"https:\/\/novi.legacymediaevent.com\/de\/wp-json\/wp\/v2\/product_tag?post=18288"}],"curies":[{"name":"wp","href":"https:\/\/api.w.org\/{rel}","templated":true}]}}