{"id":18438,"date":"2025-08-21T21:55:06","date_gmt":"2025-08-21T19:55:06","guid":{"rendered":"https:\/\/novi.legacymediaevent.com\/?post_type=product&#038;p=18438"},"modified":"2025-08-21T22:50:28","modified_gmt":"2025-08-21T20:50:28","slug":"stand-up-srdjan-dincic-merkur-beskucnik","status":"publish","type":"product","link":"https:\/\/novi.legacymediaevent.com\/de\/p\/stand-up-srdjan-dincic-merkur-beskucnik\/","title":{"rendered":"Stand Up Srdjan Din\u010di\u0107 &#8222;Merkur besku\u0107nik&#8220;"},"content":{"rendered":"<p>Sr\u0111an je iza sebe ostavio hiljade nastupa \u0161irom regiona i sveta, pune sale i nebrojeno smeha. \u010clan prve postave Standup.rs, scenarista i u\u010desnik emisije \u201eVe\u010de sa Ivanom Ivanovi\u0107em\u201c, komi\u010dar koji je otvorio nastupe Ediju Izardu i Dilanu Moranu \u2013 sada sti\u017ee u Stuttgart.<\/p>\n<p>Ako ste ga gledali ranije, znate da je svaki specijal bolji od prethodnog. Ako ga gledate prvi put \u2013 spremite se za ve\u010deru smeha kakvu dugo ne\u0107ete zaboraviti!<\/p>\n<p>\ud83d\udcc5 26.9. Stuttgart<\/p>","protected":false},"excerpt":{"rendered":"<p>Sr\u0111an Din\u010di\u0107 u Stuttgartu \u2013 26. septembar!<\/p>\n<p><strong>Jedan od najpoznatijih regionalnih stand up komi\u010dara<\/strong> dolazi sa potpuno novim, \u0161estim specijalom \u2013 \u201eMerkur besku\u0107nik\u201c!<\/p>\n<div><strong>Kako izabrati ulaznicu:<\/strong><\/div>\n<ol>\n<li>Prvo izaberite sektor (A, B ili C).<\/li>\n<li>Zatim izaberite red u izabranom sektoru.<\/li>\n<li>Odaberite broj ulaznica i dodajte ih u korpu.<\/li>\n<\/ol>","protected":false},"featured_media":18270,"comment_status":"open","ping_status":"closed","template":"","meta":{"_acf_changed":false},"product_brand":[],"product_cat":[20],"product_tag":[],"class_list":{"0":"post-18438","1":"product","2":"type-product","3":"status-publish","4":"has-post-thumbnail","6":"product_cat-koncerti","8":"first","9":"instock","10":"taxable","11":"shipping-taxable","12":"purchasable","13":"product-type-variable"},"acf":[],"_links":{"self":[{"href":"https:\/\/novi.legacymediaevent.com\/de\/wp-json\/wp\/v2\/product\/18438","targetHints":{"allow":["GET"]}}],"collection":[{"href":"https:\/\/novi.legacymediaevent.com\/de\/wp-json\/wp\/v2\/product"}],"about":[{"href":"https:\/\/novi.legacymediaevent.com\/de\/wp-json\/wp\/v2\/types\/product"}],"replies":[{"embeddable":true,"href":"https:\/\/novi.legacymediaevent.com\/de\/wp-json\/wp\/v2\/comments?post=18438"}],"version-history":[{"count":3,"href":"https:\/\/novi.legacymediaevent.com\/de\/wp-json\/wp\/v2\/product\/18438\/revisions"}],"predecessor-version":[{"id":18539,"href":"https:\/\/novi.legacymediaevent.com\/de\/wp-json\/wp\/v2\/product\/18438\/revisions\/18539"}],"wp:featuredmedia":[{"embeddable":true,"href":"https:\/\/novi.legacymediaevent.com\/de\/wp-json\/wp\/v2\/media\/18270"}],"wp:attachment":[{"href":"https:\/\/novi.legacymediaevent.com\/de\/wp-json\/wp\/v2\/media?parent=18438"}],"wp:term":[{"taxonomy":"product_brand","embeddable":true,"href":"https:\/\/novi.legacymediaevent.com\/de\/wp-json\/wp\/v2\/product_brand?post=18438"},{"taxonomy":"product_cat","embeddable":true,"href":"https:\/\/novi.legacymediaevent.com\/de\/wp-json\/wp\/v2\/product_cat?post=18438"},{"taxonomy":"product_tag","embeddable":true,"href":"https:\/\/novi.legacymediaevent.com\/de\/wp-json\/wp\/v2\/product_tag?post=18438"}],"curies":[{"name":"wp","href":"https:\/\/api.w.org\/{rel}","templated":true}]}}